{"id":36,"date":"2017-08-03T20:27:35","date_gmt":"2017-08-03T18:27:35","guid":{"rendered":"http:\/\/thelker.net\/gtedv\/?page_id=36"},"modified":"2025-10-04T10:16:39","modified_gmt":"2025-10-04T08:16:39","slug":"startseite","status":"publish","type":"page","link":"https:\/\/www.gt-edv-service.de\/","title":{"rendered":"Startseite"},"content":{"rendered":"<div class=\"entry-content\">\n<h1><strong>Willkommen beim GT EDV Service<\/strong><\/h1>\n<p>Sehr geehrte Kunden,<\/p>\n<p><strong>zum 31.10.2025 habe ich mein Gewerbe abgemeldet!<\/strong><\/p>\n<p>Ich bedanke mich f\u00fcr die gute Zusammenarbeit.<\/p>\n<p>Zum Thema Linux finden Sie unter \u201c<a href=\"http:\/\/www.gt-edv-service.de\/?p=96\">Warum Linux<\/a>\u201d einige grunds\u00e4tzliche Informationen!<br \/>\nNat\u00fcrlich stehen wir Ihnen auch gerne einfach nur beratend zur Seite und helfen Ihnen die richtige Hard- und Software f\u00fcr Ihre Anforderungen zu finden. Sehen Sie sich doch einfach mal um\u2026<\/p>\n<p>Mehr Informationen gibt es unter \u201c<a href=\"http:\/\/www.gt-edv-service.de\/?page_id=111\">GT EDV Themen<\/a>\u201c. Sie k\u00f6nnen uns jedoch schon eine E-Mail bei Fragen rund um ihren PC usw. schicken.<\/p>\n<\/div>\n","protected":false},"excerpt":{"rendered":"<p>Willkommen beim GT EDV Service Sehr geehrte Kunden, zum 31.10.2025 habe ich mein Gewerbe abgemeldet! Ich bedanke mich f\u00fcr die gute Zusammenarbeit. Zum Thema Linux finden Sie unter \u201cWarum Linux\u201d einige grunds\u00e4tzliche Informationen! Nat\u00fcrlich stehen wir Ihnen auch gerne einfach nur beratend zur Seite und helfen Ihnen die richtige Hard- und Software f\u00fcr Ihre Anforderungen [&hellip;]<\/p>\n","protected":false},"author":5,"featured_media":0,"parent":0,"menu_order":0,"comment_status":"closed","ping_status":"closed","template":"","meta":{"footnotes":""},"class_list":["post-36","page","type-page","status-publish","hentry"],"_links":{"self":[{"href":"https:\/\/www.gt-edv-service.de\/index.php?rest_route=\/wp\/v2\/pages\/36","targetHints":{"allow":["GET"]}}],"collection":[{"href":"https:\/\/www.gt-edv-service.de\/index.php?rest_route=\/wp\/v2\/pages"}],"about":[{"href":"https:\/\/www.gt-edv-service.de\/index.php?rest_route=\/wp\/v2\/types\/page"}],"author":[{"embeddable":true,"href":"https:\/\/www.gt-edv-service.de\/index.php?rest_route=\/wp\/v2\/users\/5"}],"replies":[{"embeddable":true,"href":"https:\/\/www.gt-edv-service.de\/index.php?rest_route=%2Fwp%2Fv2%2Fcomments&post=36"}],"version-history":[{"count":9,"href":"https:\/\/www.gt-edv-service.de\/index.php?rest_route=\/wp\/v2\/pages\/36\/revisions"}],"predecessor-version":[{"id":723,"href":"https:\/\/www.gt-edv-service.de\/index.php?rest_route=\/wp\/v2\/pages\/36\/revisions\/723"}],"wp:attachment":[{"href":"https:\/\/www.gt-edv-service.de\/index.php?rest_route=%2Fwp%2Fv2%2Fmedia&parent=36"}],"curies":[{"name":"wp","href":"https:\/\/api.w.org\/{rel}","templated":true}]}}